{"id":271,"date":"2023-06-13T09:57:37","date_gmt":"2023-06-13T07:57:37","guid":{"rendered":"http:\/\/www.lettreslibres.org\/?page_id=271"},"modified":"2026-02-18T09:06:41","modified_gmt":"2026-02-18T08:06:41","slug":"la-trame","status":"publish","type":"page","link":"https:\/\/www.lettreslibres.org\/","title":{"rendered":"Technique ondulatoire pour vous r\u00e9aligner"},"content":{"rendered":"\n<h2 class=\"wp-block-heading has-text-align-center has-vivid-purple-color has-text-color has-large-font-size\">Martial Maddaloni &#8211; Praticien dipl\u00f4m\u00e9<\/h2>\n\n\n<div class=\"wp-block-image is-style-default\">\n<figure class=\"aligncenter size-full is-resized\"><img loading=\"lazy\" decoding=\"async\" width=\"546\" height=\"774\" src=\"http:\/\/www.lettreslibres.org\/wp-content\/uploads\/2023\/06\/Portrait-Martial-Tramiste.jpg\" alt=\"\" class=\"wp-image-295\" style=\"width:186px;height:264px\" srcset=\"https:\/\/www.lettreslibres.org\/wp-content\/uploads\/2023\/06\/Portrait-Martial-Tramiste.jpg 546w, https:\/\/www.lettreslibres.org\/wp-content\/uploads\/2023\/06\/Portrait-Martial-Tramiste-212x300.jpg 212w\" sizes=\"auto, (max-width: 546px) 100vw, 546px\" \/><\/figure>\n<\/div>\n\n\n<p class=\"has-text-align-center has-vivid-purple-background-color has-background\"><strong>Bonjour, dipl\u00f4m\u00e9 de La Trame, je vous accueille sur rendez-vous \u00e0 mon cabinet ou me d\u00e9place \u00e0 votre domicile sur les m\u00e9tropoles ami\u00e9noise et ni\u00e7oise<\/strong><\/p>\n\n\n\n<p class=\"has-text-align-center\">Dur\u00e9e de la s\u00e9ance : environ <strong>60&prime;<\/strong><\/p>\n\n\n\n<p class=\"has-text-align-center\">Prix de la s\u00e9ance : <strong>50 \u20ac<\/strong><\/p>\n\n\n\n<p class=\"has-text-align-center\">Adresse du cabinet : <strong>69 rue Victor Hugo &#8211; 80440 &#8211; Boves<\/strong><\/p>\n\n\n\n<p class=\"has-text-align-center\">T\u00e9l\u00e9phone : <strong>06 11 74 76 03<\/strong><\/p>\n\n\n\n<p class=\"has-text-align-center\">Mail : <strong>martial.maddaloni@lettreslibres.org<\/strong><\/p>\n\n\n\n<p>Comment se d\u00e9roule une s\u00e9ance ? <\/p>\n\n\n\n<p>La personne est allong\u00e9e sur le dos, habill\u00e9e, sans chaussures, ni collier. La s\u00e9ance est une succession de gestes que je r\u00e9alise en posant tr\u00e8s l\u00e9g\u00e8rement mes mains sur le patient. Il n&rsquo;y a aucune manipulation du corps.<\/p>\n\n\n<div class=\"wp-block-image\">\n<figure class=\"aligncenter size-full is-resized\"><img loading=\"lazy\" decoding=\"async\" width=\"895\" height=\"382\" src=\"https:\/\/www.lettreslibres.org\/wp-content\/uploads\/2026\/01\/Patientable.jpg\" alt=\"\" class=\"wp-image-313\" style=\"width:560px;height:179px\" srcset=\"https:\/\/www.lettreslibres.org\/wp-content\/uploads\/2026\/01\/Patientable.jpg 895w, https:\/\/www.lettreslibres.org\/wp-content\/uploads\/2026\/01\/Patientable-300x128.jpg 300w, https:\/\/www.lettreslibres.org\/wp-content\/uploads\/2026\/01\/Patientable-768x328.jpg 768w\" sizes=\"auto, (max-width: 895px) 100vw, 895px\" \/><\/figure>\n<\/div>","protected":false},"excerpt":{"rendered":"<p>Martial Maddaloni &#8211; Praticien dipl\u00f4m\u00e9 Bonjour, dipl\u00f4m\u00e9 de La Trame, je vous accueille sur rendez-vous \u00e0 mon cabinet ou me d\u00e9place \u00e0 votre domicile sur les m\u00e9tropoles ami\u00e9noise et ni\u00e7oise Dur\u00e9e de la s\u00e9ance : environ 60&prime; Prix de la s\u00e9ance : 50 \u20ac Adresse du cabinet : 69 rue Victor Hugo &#8211; 80440 &#8211;&hellip;<\/p>\n","protected":false},"author":1,"featured_media":0,"parent":0,"menu_order":1,"comment_status":"closed","ping_status":"closed","template":"","meta":{"footnotes":""},"class_list":["post-271","page","type-page","status-publish","hentry"],"_links":{"self":[{"href":"https:\/\/www.lettreslibres.org\/index.php\/wp-json\/wp\/v2\/pages\/271","targetHints":{"allow":["GET"]}}],"collection":[{"href":"https:\/\/www.lettreslibres.org\/index.php\/wp-json\/wp\/v2\/pages"}],"about":[{"href":"https:\/\/www.lettreslibres.org\/index.php\/wp-json\/wp\/v2\/types\/page"}],"author":[{"embeddable":true,"href":"https:\/\/www.lettreslibres.org\/index.php\/wp-json\/wp\/v2\/users\/1"}],"replies":[{"embeddable":true,"href":"https:\/\/www.lettreslibres.org\/index.php\/wp-json\/wp\/v2\/comments?post=271"}],"version-history":[{"count":19,"href":"https:\/\/www.lettreslibres.org\/index.php\/wp-json\/wp\/v2\/pages\/271\/revisions"}],"predecessor-version":[{"id":322,"href":"https:\/\/www.lettreslibres.org\/index.php\/wp-json\/wp\/v2\/pages\/271\/revisions\/322"}],"wp:attachment":[{"href":"https:\/\/www.lettreslibres.org\/index.php\/wp-json\/wp\/v2\/media?parent=271"}],"curies":[{"name":"wp","href":"https:\/\/api.w.org\/{rel}","templated":true}]}}